{"id":238455,"date":"2024-06-25T14:46:20","date_gmt":"2024-06-25T12:46:20","guid":{"rendered":"https:\/\/www.universal-traveller.com\/bedingungen-und-konditionen\/"},"modified":"2025-06-09T07:20:35","modified_gmt":"2025-06-09T05:20:35","slug":"bedingungen-und-konditionen","status":"publish","type":"page","link":"https:\/\/www.universal-traveller.com\/de\/bedingungen-und-konditionen\/","title":{"rendered":"Allgemeinen Gesch\u00e4ftsbedingungen"},"content":{"rendered":"\n<p><strong>Datum des Inkrafttretens: 6. September 2024<\/strong><\/p>\n\n<p>Willkommen bei Universal Traveller! Indem du dein Unternehmen auf unserer Plattform (www.universal-traveller.com) eintr\u00e4gst, erkl\u00e4rst du dich mit den folgenden Bedingungen und Konditionen einverstanden. Bitte lies sie sorgf\u00e4ltig durch.  <\/p>\n\n<h4 class=\"wp-block-heading\">1. <strong>Akzeptanz der Bedingungen<\/strong><\/h4>\n\n<p>Indem du dein Unternehmen auf Universal Traveller eintr\u00e4gst, best\u00e4tigst du, dass du diese Allgemeinen Gesch\u00e4ftsbedingungen gelesen und verstanden hast und ihnen zustimmst. Wenn du mit einem Teil dieser Bedingungen nicht einverstanden bist, darfst du keinen Eintrag auf unserer Plattform vornehmen oder ver\u00f6ffentlichen. <\/p>\n\n<h4 class=\"wp-block-heading\">2. <strong>Anspruchsberechtigung<\/strong><\/h4>\n\n<p>Um dein Unternehmen auf Universal Traveller einzutragen, musst du mindestens 18 Jahre alt und rechtlich befugt sein, das Unternehmen, das du eintr\u00e4gst, zu vertreten.<\/p>\n\n<h4 class=\"wp-block-heading\">3. <strong>Verantwortung der Nutzer f\u00fcr den Inhalt<\/strong><\/h4>\n\n<p>Als Nutzer von Universal Traveller bist du allein f\u00fcr alle Inhalte verantwortlich, einschlie\u00dflich, aber nicht beschr\u00e4nkt auf Texte, Bilder, Videos, Links und andere Materialien (die \u201eInhalte\u201c), die du in deinem Unternehmenseintrag einreichst oder ver\u00f6ffentlichst.<\/p>\n\n<p>Indem du Inhalte \u00fcbermittelst, garantierst du, dass:<\/p>\n\n<ul class=\"wp-block-list\">\n<li>Du besitzt alle notwendigen Rechte, Genehmigungen und Lizenzen, um den Inhalt zu nutzen und zu ver\u00f6ffentlichen, oder hast sie erhalten.<\/li>\n\n\n\n<li>Die Inhalte verletzen keine geistigen Eigentumsrechte, einschlie\u00dflich Urheberrechte, Markenrechte oder Datenschutzrechte Dritter.<\/li>\n\n\n\n<li>Der Inhalt ist wahrheitsgem\u00e4\u00df, genau und entspricht allen geltenden Gesetzen und Vorschriften.<\/li>\n<\/ul>\n\n<h4 class=\"wp-block-heading\">4. <strong>Copyright von Bildern und Medien<\/strong><\/h4>\n\n<p>Universal Traveller ist <strong>nicht verantwortlich<\/strong> f\u00fcr Urheberrechtsverletzungen oder Verletzungen des geistigen Eigentums im Zusammenhang mit Bildern, Medien oder anderen Inhalten, die von Nutzern eingereicht werden. Du erkl\u00e4rst dich damit einverstanden, dass alle in deinem Angebot verwendeten Bilder und Medien rechtm\u00e4\u00dfig erworben wurden und nicht gegen die Urheberrechte anderer versto\u00dfen. F\u00fcr Urheberrechtsstreitigkeiten, Anspr\u00fcche oder Haftungen, die sich aus den Inhalten ergeben, ist allein der Nutzer verantwortlich, der das Angebot eingereicht hat.  <\/p>\n\n<h4 class=\"wp-block-heading\">5. <strong>Verbotener Inhalt<\/strong><\/h4>\n\n<p>Du erkl\u00e4rst dich damit einverstanden, keine Inhalte zu \u00fcbermitteln oder zu ver\u00f6ffentlichen, die:<\/p>\n\n<ul class=\"wp-block-list\">\n<li>falsch, irref\u00fchrend oder tr\u00fcgerisch ist.<\/li>\n\n\n\n<li>illegale, sch\u00e4dliche, verleumderische, beleidigende oder diskriminierende Inhalte enth\u00e4lt.<\/li>\n\n\n\n<li>gegen lokale oder internationale Gesetze oder Vorschriften verst\u00f6\u00dft.<\/li>\n\n\n\n<li>illegale Aktivit\u00e4ten f\u00f6rdert oder erleichtert.<\/li>\n<\/ul>\n\n<p>Universal Traveller beh\u00e4lt sich das Recht vor, Inhalte zu entfernen, die gegen diese Allgemeinen Gesch\u00e4ftsbedingungen versto\u00dfen oder die wir nach eigenem Ermessen f\u00fcr unangemessen halten.<\/p>\n\n<h4 class=\"wp-block-heading\">6. <strong>Genehmigung und Streichung von Listen<\/strong><\/h4>\n\n<p>Alle an Universal Traveller \u00fcbermittelten Unternehmenseintr\u00e4ge unterliegen der \u00dcberpr\u00fcfung und Genehmigung. Wir behalten uns das Recht vor, jeden Eintrag ohne Vorank\u00fcndigung zu genehmigen, abzulehnen oder zu entfernen, insbesondere wenn der Eintrag gegen diese Allgemeinen Gesch\u00e4ftsbedingungen oder andere Richtlinien der Website verst\u00f6\u00dft. <\/p>\n\n<h4 class=\"wp-block-heading\">7. <strong>Kein Indossament<\/strong><\/h4>\n\n<p>Indem wir Unternehmen erlauben, sich auf Universal Traveller einzutragen, unterst\u00fctzen oder garantieren wir nicht die Qualit\u00e4t, Zuverl\u00e4ssigkeit oder Legitimit\u00e4t eines Unternehmens oder seiner Dienstleistungen. Wir empfehlen unseren Nutzern, ihre eigene Sorgfaltspflicht zu erf\u00fcllen, bevor sie mit einem auf unserer Plattform aufgef\u00fchrten Unternehmen in Kontakt treten. <\/p>\n\n<h4 class=\"wp-block-heading\">8. <strong>Begrenzung der Haftung<\/strong><\/h4>\n\n<p>Universal Traveller kann nicht f\u00fcr Sch\u00e4den, Verluste oder Rechtsstreitigkeiten haftbar gemacht werden, die aus der Nutzung unserer Plattform, der Ver\u00f6ffentlichung von Angeboten oder von Nutzern eingestellten Inhalten entstehen. Du erkl\u00e4rst dich damit einverstanden, Universal Traveller von allen Anspr\u00fcchen, Haftungen oder Kosten freizustellen, die sich aus deinem Eintrag oder der Nutzung der Plattform ergeben. <\/p>\n\n<h4 class=\"wp-block-heading\">9. <strong>\u00c4nderungen der Bedingungen und Konditionen<\/strong><\/h4>\n\n<p>Wir behalten uns das Recht vor, diese Allgemeinen Gesch\u00e4ftsbedingungen jederzeit und ohne vorherige Ank\u00fcndigung zu \u00e4ndern oder zu aktualisieren. Alle \u00c4nderungen werden sofort nach der Ver\u00f6ffentlichung auf unserer Website wirksam. Es liegt in deiner Verantwortung, die Allgemeinen Gesch\u00e4ftsbedingungen regelm\u00e4\u00dfig zu \u00fcberpr\u00fcfen.  <\/p>\n\n<h4 class=\"wp-block-heading\">10. <strong>Kontakt<\/strong><\/h4>\n\n<p>Wenn du Fragen oder Bedenken bez\u00fcglich dieser Gesch\u00e4ftsbedingungen hast, kontaktiere uns bitte unter<\/p>\n\n<p>info@universal-traveller.com<\/p>\n\n<p>Wenn du dein Unternehmen auf Universal Traveller eintr\u00e4gst, erkl\u00e4rst du dich damit einverstanden, diese Allgemeinen Gesch\u00e4ftsbedingungen vollst\u00e4ndig einzuhalten. Die Nichteinhaltung dieser Bedingungen kann zur L\u00f6schung deines Eintrags und zu m\u00f6glichen rechtlichen Schritten f\u00fchren. <\/p>\n\n<div id=\"mediavine-settings\" data-blocklist-leaderboard=\"1\" data-blocklist-sidebar-atf=\"1\" data-blocklist-sidebar-btf=\"1\" data-blocklist-content-desktop=\"1\" data-blocklist-content-mobile=\"1\" data-blocklist-adhesion-mobile=\"1\" data-blocklist-adhesion-tablet=\"1\" data-blocklist-adhesion-desktop=\"1\" data-blocklist-recipe=\"1\" data-blocklist-auto-insert-sticky=\"1\" data-blocklist-in-image=\"1\" data-blocklist-chicory=\"1\" data-blocklist-zergnet=\"1\" data-blocklist-interstitial-mobile=\"1\" data-blocklist-interstitial-desktop=\"1\" data-blocklist-universal-player-desktop=\"1\" data-blocklist-universal-player-mobile=\"1\"><\/div>\n<div id=\"hide-grow-widget\"><\/div>\n","protected":false},"excerpt":{"rendered":"<p>Datum des Inkrafttretens: 6. September 2024 Willkommen bei Universal Traveller! Indem du dein Unternehmen auf unserer Plattform (www.universal-traveller.com) eintr\u00e4gst, erkl\u00e4rst du dich mit den folgenden Bedingungen und Konditionen einverstanden. Bitte lies sie sorgf\u00e4ltig durch. 1. Akzeptanz der Bedingungen Indem du dein Unternehmen auf Universal Traveller eintr\u00e4gst, best\u00e4tigst du, dass du diese Allgemeinen Gesch\u00e4ftsbedingungen gelesen und&#8230;<\/p>\n","protected":false},"author":4,"featured_media":0,"parent":0,"menu_order":0,"comment_status":"closed","ping_status":"closed","template":"","meta":{"_acf_changed":false,"_kad_post_transparent":"","_kad_post_title":"","_kad_post_layout":"","_kad_post_sidebar_id":"","_kad_post_content_style":"","_kad_post_vertical_padding":"","_kad_post_feature":"","_kad_post_feature_position":"","_kad_post_header":false,"_kad_post_footer":false,"_kad_post_classname":"","_metis_text_type":"standard","_metis_text_length":4688,"_post_count":0,"footnotes":""},"class_list":["post-238455","page","type-page","status-publish","hentry"],"acf":[],"_links":{"self":[{"href":"https:\/\/www.universal-traveller.com\/de\/wp-json\/wp\/v2\/pages\/238455","targetHints":{"allow":["GET"]}}],"collection":[{"href":"https:\/\/www.universal-traveller.com\/de\/wp-json\/wp\/v2\/pages"}],"about":[{"href":"https:\/\/www.universal-traveller.com\/de\/wp-json\/wp\/v2\/types\/page"}],"author":[{"embeddable":true,"href":"https:\/\/www.universal-traveller.com\/de\/wp-json\/wp\/v2\/users\/4"}],"replies":[{"embeddable":true,"href":"https:\/\/www.universal-traveller.com\/de\/wp-json\/wp\/v2\/comments?post=238455"}],"version-history":[{"count":2,"href":"https:\/\/www.universal-traveller.com\/de\/wp-json\/wp\/v2\/pages\/238455\/revisions"}],"predecessor-version":[{"id":238626,"href":"https:\/\/www.universal-traveller.com\/de\/wp-json\/wp\/v2\/pages\/238455\/revisions\/238626"}],"wp:attachment":[{"href":"https:\/\/www.universal-traveller.com\/de\/wp-json\/wp\/v2\/media?parent=238455"}],"curies":[{"name":"wp","href":"https:\/\/api.w.org\/{rel}","templated":true}]}}